{"id":2,"date":"2021-02-21T15:43:00","date_gmt":"2021-02-21T15:43:00","guid":{"rendered":"https:\/\/probe2.yvonnemosermettler.ch\/?page_id=2"},"modified":"2023-11-14T21:36:12","modified_gmt":"2023-11-14T21:36:12","slug":"sample-page","status":"publish","type":"page","link":"https:\/\/yvonnemosermettler.ch\/index.php\/sample-page\/","title":{"rendered":"K\u00f6rperzentrierung"},"content":{"rendered":"\n<div class=\"wp-block-columns is-layout-flex wp-container-core-columns-is-layout-9d6595d7 wp-block-columns-is-layout-flex\">\n<div class=\"wp-block-column is-vertically-aligned-center is-layout-flow wp-block-column-is-layout-flow\" style=\"flex-basis:100%\">\n<p class=\"has-text-align-center\">Die K\u00f6rperzentrierung ist eine feine und sanfte Behandlung. <br>Ohne Manipulation und Schmerz wird der Energiefluss im ganzen K\u00f6rper verbessert. <\/p>\n\n\n\n<p class=\"has-text-align-center\">F\u00fcr viele Krankheiten und Schmerzen finden wir den Ursprung im R\u00fccken, <br>sprich in der Wirbels\u00e4ule.  Weshalb?  <\/p>\n\n\n\n<p class=\"has-text-align-center\">Die Entstehung und Verarbeitung von Informationen in unserem K\u00f6rper findet im zentralen Nervensystem statt. Dessen Zentrale befindet sich gut gesch\u00fctzt in unserem Sch\u00e4del und sendet die Signale \u00fcber das R\u00fcckenmark und das periphere Nervensystem in unseren K\u00f6rper. Verschiebungen von Wirbeln und Bandscheiben k\u00f6nnen den Informationsaustausch behindern und Reizungen im Nervensystem verursachen. Jeder Hauptnerv mit seinen Ver\u00e4stelungen versorgt eine gewisse                           Hautzone, bestimmte Organe und ist deshalb spezifischen K\u00f6rperfunktionen zugeordnet.                           <br>Mit sanften Ber\u00fchrungen am Kopf, Hals, Schulter, Wirbels\u00e4ule und H\u00fcfte wird ein Energieschub ausgel\u00f6st. Es entsteht eine feine Vibration in den Wirbeln. Sie erhalten so die M\u00f6glichkeit, sich aus ihrer Fehlposition zu l\u00f6sen und ihre urspr\u00fcngliche Position zu finden. <br>Der Druck auf die Nervenfasern l\u00f6st sich. Der K\u00f6rper kann wieder ausreichend mit allen Impulsen versorgt werden. Die Selbstheilungskr\u00e4fte werden aktiviert.<\/p>\n\n\n\n<p class=\"has-text-align-center\">Diese Methode wirkt auf <br>K\u00f6rper, Geist und Seele.<\/p>\n\n\n\n<p><\/p>\n<\/div>\n<\/div>\n\n\n\n<p><\/p>\n\n\n<p><\/p>","protected":false},"excerpt":{"rendered":"<p>Die K\u00f6rperzentrierung ist eine feine und sanfte Behandlung. Ohne Manipulation und Schmerz wird der Energiefluss im ganzen K\u00f6rper verbessert. F\u00fcr&hellip;<\/p>\n","protected":false},"author":1,"featured_media":724,"parent":0,"menu_order":0,"comment_status":"closed","ping_status":"closed","template":"","meta":{"footnotes":""},"class_list":["post-2","page","type-page","status-publish","has-post-thumbnail","hentry"],"_links":{"self":[{"href":"https:\/\/yvonnemosermettler.ch\/index.php\/wp-json\/wp\/v2\/pages\/2","targetHints":{"allow":["GET"]}}],"collection":[{"href":"https:\/\/yvonnemosermettler.ch\/index.php\/wp-json\/wp\/v2\/pages"}],"about":[{"href":"https:\/\/yvonnemosermettler.ch\/index.php\/wp-json\/wp\/v2\/types\/page"}],"author":[{"embeddable":true,"href":"https:\/\/yvonnemosermettler.ch\/index.php\/wp-json\/wp\/v2\/users\/1"}],"replies":[{"embeddable":true,"href":"https:\/\/yvonnemosermettler.ch\/index.php\/wp-json\/wp\/v2\/comments?post=2"}],"version-history":[{"count":0,"href":"https:\/\/yvonnemosermettler.ch\/index.php\/wp-json\/wp\/v2\/pages\/2\/revisions"}],"wp:featuredmedia":[{"embeddable":true,"href":"https:\/\/yvonnemosermettler.ch\/index.php\/wp-json\/wp\/v2\/media\/724"}],"wp:attachment":[{"href":"https:\/\/yvonnemosermettler.ch\/index.php\/wp-json\/wp\/v2\/media?parent=2"}],"curies":[{"name":"wp","href":"https:\/\/api.w.org\/{rel}","templated":true}]}}