{"id":290,"date":"2021-02-21T21:57:06","date_gmt":"2021-02-21T21:57:06","guid":{"rendered":"https:\/\/probe2.yvonnemosermettler.ch\/?page_id=290"},"modified":"2023-11-26T08:57:19","modified_gmt":"2023-11-26T08:57:19","slug":"infos-preise","status":"publish","type":"page","link":"https:\/\/yvonnemosermettler.ch\/index.php\/infos-preise\/","title":{"rendered":"Infos \/ Preise"},"content":{"rendered":"\n<p>Die Energetische K\u00f6rperarbeit l\u00e4sst sich gut in Kombination mit der Schulmedizin sowie alternativen Heilmethoden anwenden.<\/p>\n\n\n\n<p>Die energetischen Behandlungen sind weder als Ersatz f\u00fcr eine \u00e4rztliche Behandlung noch als Ersatz f\u00fcr Medikamente zu sehen, sondern als wertvolle Erg\u00e4nzung und Unterst\u00fctzung.<\/p>\n\n\n\n<p>Preise\/Energieausgleich f\u00fcr meine Arbeit:<\/p>\n\n\n\n<p>CHF 90.00 pro Stunde f\u00fcr Erwachsene und\n                      <br>CHF 70.00 pro Stunde f\u00fcr Kinder und Jugendliche.<\/p>\n\n\n\n<p>Ich bin Krankenkassen unabh\u00e4ngig. Einzelne Kassen \u00fcbernehmen allenfalls einen Teil der Behandlungskosten aus der Zusatzversicherung.<\/p>\n\n\n<p><a href=\"https:\/\/yvonnemosermettler.ch\/wp-content\/uploads\/2021\/02\/Grundwerte-ohne-Titel-1.pdf\" target=\"_blank\" rel=\"noopener\"><strong>Grundwerte<\/strong><\/a><\/p>\n\n\n<p><\/p>\n","protected":false},"excerpt":{"rendered":"<p>Die Energetische K\u00f6rperarbeit l\u00e4sst sich gut in Kombination mit der Schulmedizin sowie alternativen Heilmethoden anwenden. Die energetischen Behandlungen sind weder&hellip;<\/p>\n","protected":false},"author":1,"featured_media":0,"parent":0,"menu_order":0,"comment_status":"closed","ping_status":"closed","template":"","meta":{"footnotes":""},"class_list":["post-290","page","type-page","status-publish","hentry"],"_links":{"self":[{"href":"https:\/\/yvonnemosermettler.ch\/index.php\/wp-json\/wp\/v2\/pages\/290","targetHints":{"allow":["GET"]}}],"collection":[{"href":"https:\/\/yvonnemosermettler.ch\/index.php\/wp-json\/wp\/v2\/pages"}],"about":[{"href":"https:\/\/yvonnemosermettler.ch\/index.php\/wp-json\/wp\/v2\/types\/page"}],"author":[{"embeddable":true,"href":"https:\/\/yvonnemosermettler.ch\/index.php\/wp-json\/wp\/v2\/users\/1"}],"replies":[{"embeddable":true,"href":"https:\/\/yvonnemosermettler.ch\/index.php\/wp-json\/wp\/v2\/comments?post=290"}],"version-history":[{"count":0,"href":"https:\/\/yvonnemosermettler.ch\/index.php\/wp-json\/wp\/v2\/pages\/290\/revisions"}],"wp:attachment":[{"href":"https:\/\/yvonnemosermettler.ch\/index.php\/wp-json\/wp\/v2\/media?parent=290"}],"curies":[{"name":"wp","href":"https:\/\/api.w.org\/{rel}","templated":true}]}}