{"id":572,"date":"2021-02-27T08:16:51","date_gmt":"2021-02-27T08:16:51","guid":{"rendered":"https:\/\/yvonnemosermettler.ch\/?page_id=572"},"modified":"2023-11-14T21:12:49","modified_gmt":"2023-11-14T21:12:49","slug":"raeuchern","status":"publish","type":"page","link":"https:\/\/yvonnemosermettler.ch\/index.php\/raeuchern\/","title":{"rendered":"R\u00e4uchern"},"content":{"rendered":"\n<p class=\"has-text-align-center\">Das R\u00e4uchern ist eine uralte Tradition. Heute ist dieses naturverbundene Brauchtum weitgehend in Vergessenheit geraten, doch das R\u00e4uchern hat nichts von seiner Kraft verloren. <br>Beim R\u00e4uchern werden die in Kr\u00e4utern, Gew\u00fcrzen und Baumharzen enthaltenen Duft- und Wirkstoffe durch das Vergl\u00fchen \u00fcber einer W\u00e4rmequelle frei und mit dem aufsteigenden Rauch im Raum verteilt, wo sie ihre Wirkungen entfalten.<\/p>\n\n\n\n<p class=\"has-text-align-center\">Manchmal ist es in einem Raum, in der ganzen Wohnung oder in einem neu bezogenen Haus einfach nicht stimmig &#8211; man f\u00fchlt sich nicht ganz wohl.<br>Mit einer R\u00e4ucherung kl\u00e4rt sich vieles. Gerne unterst\u00fctze ich Sie dabei.<\/p>\n","protected":false},"excerpt":{"rendered":"<p>Das R\u00e4uchern ist eine uralte Tradition. Heute ist dieses naturverbundene Brauchtum weitgehend in Vergessenheit geraten, doch das R\u00e4uchern hat nichts&hellip;<\/p>\n","protected":false},"author":1,"featured_media":526,"parent":0,"menu_order":0,"comment_status":"closed","ping_status":"closed","template":"","meta":{"footnotes":""},"class_list":["post-572","page","type-page","status-publish","has-post-thumbnail","hentry"],"_links":{"self":[{"href":"https:\/\/yvonnemosermettler.ch\/index.php\/wp-json\/wp\/v2\/pages\/572","targetHints":{"allow":["GET"]}}],"collection":[{"href":"https:\/\/yvonnemosermettler.ch\/index.php\/wp-json\/wp\/v2\/pages"}],"about":[{"href":"https:\/\/yvonnemosermettler.ch\/index.php\/wp-json\/wp\/v2\/types\/page"}],"author":[{"embeddable":true,"href":"https:\/\/yvonnemosermettler.ch\/index.php\/wp-json\/wp\/v2\/users\/1"}],"replies":[{"embeddable":true,"href":"https:\/\/yvonnemosermettler.ch\/index.php\/wp-json\/wp\/v2\/comments?post=572"}],"version-history":[{"count":0,"href":"https:\/\/yvonnemosermettler.ch\/index.php\/wp-json\/wp\/v2\/pages\/572\/revisions"}],"wp:featuredmedia":[{"embeddable":true,"href":"https:\/\/yvonnemosermettler.ch\/index.php\/wp-json\/wp\/v2\/media\/526"}],"wp:attachment":[{"href":"https:\/\/yvonnemosermettler.ch\/index.php\/wp-json\/wp\/v2\/media?parent=572"}],"curies":[{"name":"wp","href":"https:\/\/api.w.org\/{rel}","templated":true}]}}