{"id":576,"date":"2021-02-27T08:23:30","date_gmt":"2021-02-27T08:23:30","guid":{"rendered":"https:\/\/yvonnemosermettler.ch\/?page_id=576"},"modified":"2021-04-16T11:33:53","modified_gmt":"2021-04-16T11:33:53","slug":"koerperkerzen","status":"publish","type":"page","link":"https:\/\/yvonnemosermettler.ch\/index.php\/koerperkerzen\/","title":{"rendered":"K\u00f6rperkerzen"},"content":{"rendered":"\n<p class=\"has-text-align-center\">Die IL-DO\u00ae K\u00f6rperkerze ist ein energetisiertes Naturprodukt. Sie wird direkt am K\u00f6rper verwendet, und kann zur Erreichung der k\u00f6rperlichen Entspannung, der geistigen und seelischen Balance f\u00fchren.<\/p>\n\n\n\n<div class=\"wp-block-image\"><figure class=\"alignright size-large is-resized\"><img loading=\"lazy\" decoding=\"async\" src=\"https:\/\/yvonnemosermettler.ch\/wp-content\/uploads\/2021\/02\/Koerperkerzen1-1.jpg\" alt=\"\" class=\"wp-image-589\" width=\"211\" height=\"164\" srcset=\"https:\/\/yvonnemosermettler.ch\/wp-content\/uploads\/2021\/02\/Koerperkerzen1-1.jpg 425w, https:\/\/yvonnemosermettler.ch\/wp-content\/uploads\/2021\/02\/Koerperkerzen1-1-300x233.jpg 300w\" sizes=\"auto, (max-width: 211px) 100vw, 211px\" \/><\/figure><\/div>\n\n\n\n<p class=\"has-text-align-center\">Die wohltuende Wirkung der Kr\u00e4uter und der im Kerzeninneren, durch den sogenannten \u201eKamineffekt\u201c entstehende Sog wirkt entspannend, f\u00f6rdert die Durchblutung und reinigt den K\u00f6rper auf energetischer Ebene.<\/p>\n","protected":false},"excerpt":{"rendered":"<p>Die IL-DO\u00ae K\u00f6rperkerze ist ein energetisiertes Naturprodukt. Sie wird direkt am K\u00f6rper verwendet, und kann zur Erreichung der k\u00f6rperlichen Entspannung,&hellip;<\/p>\n","protected":false},"author":1,"featured_media":0,"parent":0,"menu_order":0,"comment_status":"closed","ping_status":"closed","template":"","meta":{"footnotes":""},"class_list":["post-576","page","type-page","status-publish","hentry"],"_links":{"self":[{"href":"https:\/\/yvonnemosermettler.ch\/index.php\/wp-json\/wp\/v2\/pages\/576","targetHints":{"allow":["GET"]}}],"collection":[{"href":"https:\/\/yvonnemosermettler.ch\/index.php\/wp-json\/wp\/v2\/pages"}],"about":[{"href":"https:\/\/yvonnemosermettler.ch\/index.php\/wp-json\/wp\/v2\/types\/page"}],"author":[{"embeddable":true,"href":"https:\/\/yvonnemosermettler.ch\/index.php\/wp-json\/wp\/v2\/users\/1"}],"replies":[{"embeddable":true,"href":"https:\/\/yvonnemosermettler.ch\/index.php\/wp-json\/wp\/v2\/comments?post=576"}],"version-history":[{"count":0,"href":"https:\/\/yvonnemosermettler.ch\/index.php\/wp-json\/wp\/v2\/pages\/576\/revisions"}],"wp:attachment":[{"href":"https:\/\/yvonnemosermettler.ch\/index.php\/wp-json\/wp\/v2\/media?parent=576"}],"curies":[{"name":"wp","href":"https:\/\/api.w.org\/{rel}","templated":true}]}}