{"id":600,"date":"2021-03-11T08:08:15","date_gmt":"2021-03-11T08:08:15","guid":{"rendered":"https:\/\/yvonnemosermettler.ch\/?page_id=600"},"modified":"2023-11-14T21:10:25","modified_gmt":"2023-11-14T21:10:25","slug":"traditionelle-thai-massage","status":"publish","type":"page","link":"https:\/\/yvonnemosermettler.ch\/index.php\/traditionelle-thai-massage\/","title":{"rendered":"Traditionelle Thai-Massage"},"content":{"rendered":"\n<p class=\"has-text-align-center\">Die Traditionelle Thai-Massage ist eine Massage nach uralten Mustern, thail\u00e4ndisch &#8218;Nuad&#8216; (heilsame Ber\u00fchrung) genannt. <br>Sie schenkt Wohlbefinden, Vitalit\u00e4t und Regeneration.<\/p>\n\n\n\n<p class=\"has-text-align-center\">Die Massage wird am bekleideten K\u00f6rper auf einer bequemen Bodenmatte durchgef\u00fchrt. Durch Druckpunktmassage, Gelenkmobilisation und passive Dehnbewegungen kann der ganze K\u00f6rper und seine Organe, wie die Faszien, wirkungsvoll therapiert werden.<br><\/p>\n\n\n\n<p class=\"has-text-align-center has-small-font-size\">Wirkung: Abbau von Stress, L\u00f6sen von Verspannungen, Anregung des Stoffwechsels und der Durchblutung, Linderung von Kopf-, Nacken- und R\u00fcckenschmerzen, Linderung von Verdauungsbeschwerden, Schlafst\u00f6rungen, usw.<\/p>\n","protected":false},"excerpt":{"rendered":"<p>Die Traditionelle Thai-Massage ist eine Massage nach uralten Mustern, thail\u00e4ndisch &#8218;Nuad&#8216; (heilsame Ber\u00fchrung) genannt. Sie schenkt Wohlbefinden, Vitalit\u00e4t und Regeneration.&hellip;<\/p>\n","protected":false},"author":1,"featured_media":699,"parent":0,"menu_order":0,"comment_status":"closed","ping_status":"closed","template":"","meta":{"footnotes":""},"class_list":["post-600","page","type-page","status-publish","has-post-thumbnail","hentry"],"_links":{"self":[{"href":"https:\/\/yvonnemosermettler.ch\/index.php\/wp-json\/wp\/v2\/pages\/600","targetHints":{"allow":["GET"]}}],"collection":[{"href":"https:\/\/yvonnemosermettler.ch\/index.php\/wp-json\/wp\/v2\/pages"}],"about":[{"href":"https:\/\/yvonnemosermettler.ch\/index.php\/wp-json\/wp\/v2\/types\/page"}],"author":[{"embeddable":true,"href":"https:\/\/yvonnemosermettler.ch\/index.php\/wp-json\/wp\/v2\/users\/1"}],"replies":[{"embeddable":true,"href":"https:\/\/yvonnemosermettler.ch\/index.php\/wp-json\/wp\/v2\/comments?post=600"}],"version-history":[{"count":0,"href":"https:\/\/yvonnemosermettler.ch\/index.php\/wp-json\/wp\/v2\/pages\/600\/revisions"}],"wp:featuredmedia":[{"embeddable":true,"href":"https:\/\/yvonnemosermettler.ch\/index.php\/wp-json\/wp\/v2\/media\/699"}],"wp:attachment":[{"href":"https:\/\/yvonnemosermettler.ch\/index.php\/wp-json\/wp\/v2\/media?parent=600"}],"curies":[{"name":"wp","href":"https:\/\/api.w.org\/{rel}","templated":true}]}}