{"id":69,"date":"2021-02-21T19:58:57","date_gmt":"2021-02-21T19:58:57","guid":{"rendered":"https:\/\/probe2.yvonnemosermettler.ch\/?page_id=69"},"modified":"2023-04-26T20:30:08","modified_gmt":"2023-04-26T20:30:08","slug":"tibetische-massage","status":"publish","type":"page","link":"https:\/\/yvonnemosermettler.ch\/index.php\/tibetische-massage\/","title":{"rendered":"Tibetische Massage"},"content":{"rendered":"\n<p class=\"has-text-align-center has-quinary-background-color has-background\">Die Tibetische Energetische R\u00fcckenmassage ist eine Massage, welche die Seele ber\u00fchrt und den Menschen in Harmonie bringt. <br><em>Die Essenz dieser R\u00fcckenmassage liegt in der Qualit\u00e4t der Ber\u00fchrung.<\/em> <br>Durch eine besonders sanfte Art der Streichung mit warmem \u00d6l k\u00f6nnen sich Verspannungen sowie Blockaden im K\u00f6rper l\u00f6sen.<br><br>Die Tibetische \u00d6l-R\u00fcckenmassage ist eine der sanftesten Methoden um Stress abzubauen und<br>Gelassenheit, tiefe Entspannung und Ruhe zu finden.<\/p>\n\n\n\n<p class=\"has-text-align-center\">Sie wirkt pr\u00e4ventiv und hat ausgleichende Wirkung auf die Psyche, daher wird die Massage besonders in Zeiten h\u00f6herer Belastung sehr gesch\u00e4tzt. Durch Harmonisierung der k\u00f6rpereigenen Energiefelder aktiviert sie den Selbstregulierungsprozess, bringt gestaute Lebenskr\u00e4fte wieder zum Fliessen, entschlackt, entgiftet und f\u00f6rdert die Entwicklung der Pers\u00f6nlichkeit.<\/p>\n","protected":false},"excerpt":{"rendered":"<p>Die Tibetische Energetische R\u00fcckenmassage ist eine Massage, welche die Seele ber\u00fchrt und den Menschen in Harmonie bringt. Die Essenz dieser&hellip;<\/p>\n","protected":false},"author":1,"featured_media":502,"parent":0,"menu_order":0,"comment_status":"closed","ping_status":"closed","template":"","meta":{"footnotes":""},"class_list":["post-69","page","type-page","status-publish","has-post-thumbnail","hentry"],"_links":{"self":[{"href":"https:\/\/yvonnemosermettler.ch\/index.php\/wp-json\/wp\/v2\/pages\/69","targetHints":{"allow":["GET"]}}],"collection":[{"href":"https:\/\/yvonnemosermettler.ch\/index.php\/wp-json\/wp\/v2\/pages"}],"about":[{"href":"https:\/\/yvonnemosermettler.ch\/index.php\/wp-json\/wp\/v2\/types\/page"}],"author":[{"embeddable":true,"href":"https:\/\/yvonnemosermettler.ch\/index.php\/wp-json\/wp\/v2\/users\/1"}],"replies":[{"embeddable":true,"href":"https:\/\/yvonnemosermettler.ch\/index.php\/wp-json\/wp\/v2\/comments?post=69"}],"version-history":[{"count":0,"href":"https:\/\/yvonnemosermettler.ch\/index.php\/wp-json\/wp\/v2\/pages\/69\/revisions"}],"wp:featuredmedia":[{"embeddable":true,"href":"https:\/\/yvonnemosermettler.ch\/index.php\/wp-json\/wp\/v2\/media\/502"}],"wp:attachment":[{"href":"https:\/\/yvonnemosermettler.ch\/index.php\/wp-json\/wp\/v2\/media?parent=69"}],"curies":[{"name":"wp","href":"https:\/\/api.w.org\/{rel}","templated":true}]}}