{"id":70,"date":"2021-02-21T19:58:57","date_gmt":"2021-02-21T19:58:57","guid":{"rendered":"https:\/\/probe2.yvonnemosermettler.ch\/?page_id=70"},"modified":"2021-02-24T14:30:51","modified_gmt":"2021-02-24T14:30:51","slug":"kiefer-reset","status":"publish","type":"page","link":"https:\/\/yvonnemosermettler.ch\/index.php\/kiefer-reset\/","title":{"rendered":"Kiefer-RESET"},"content":{"rendered":"\n<p class=\"has-text-align-center\">Das Kiefer-RESET ist eine einfache und sanfte Behandlung zum <br>Ausgleichen des Kiefergelenks.<\/p>\n\n\n\n<p class=\"has-text-align-center\">Das Kiefergelenk beeinflusst den K\u00f6rper insgesamt, einschliesslich des Skeletts, <br>der Muskeln, des Nervensystems, der Meridiane und der Hydration. <br>Eine angespannte Kaumuskulatur versetzt den K\u00f6rper \u00fcber den <br>1. Halswirbel (Atlas) abw\u00e4rts in Anspannung.<\/p>\n\n\n\n<p class=\"has-text-align-center\">Durch das Kiefer-RESET kann sich der Druck auf die Nervenfasern l\u00f6sen und <br>die Qualit\u00e4t der Informationen des Gehirns an den gesamten K\u00f6rper verbessern.<\/p>\n\n\n\n<p><\/p>\n\n\n\n<p class=\"has-text-align-left has-small-font-size\"><span class=\"has-inline-color has-quaternary-color\">Diese Methode wirkt ganzheitlich und ist hilfreich bei:<\/span><\/p>\n\n\n\n<div class=\"wp-block-group\"><div class=\"wp-block-group__inner-container is-layout-flow wp-block-group-is-layout-flow\">\n<p class=\"has-text-align-left has-small-font-size\">\u00b7&nbsp; Kopfschmerzen, Migr\u00e4ne\n                      <br>\u00b7&nbsp; Arthritis\n                      <br><strong>\u00b7&nbsp; <\/strong>Nacken- und R\u00fcckenschmerzen\n                      <br>\u00b7&nbsp; Tinnitus\n                      <br>\u00b7&nbsp; Verdauungsproblemen\n                      <br>\u00b7&nbsp; Kieferschmerzen\n                      <br>\u00b7&nbsp; Nebenh\u00f6hlenentz\u00fcndung&nbsp;\n                      <br>\u00b7&nbsp; Stress\n                      <br>\u00b7&nbsp; Gelenkger\u00e4uschen beim Kauen&nbsp;\n                      <br>\u00b7&nbsp; Lernproblemen\n                      <br>\u00b7&nbsp; Unf\u00e4higkeit zu entspannen und zu schlafen\n                      <br>\u00b7&nbsp; chronischer M\u00fcdigkeit\n                      <br>\u00b7&nbsp; st\u00e4ndigem Z\u00e4hne zusammenbeissen oder \u201aKnirschen\u2018\n                      <br>\u00b7&nbsp; und vielem mehr\u2026<\/p>\n<\/div><\/div>\n\n\n\n<p><\/p>\n\n\n\n<p><\/p>\n\n\n<p><\/p>","protected":false},"excerpt":{"rendered":"<p>Das Kiefer-RESET ist eine einfache und sanfte Behandlung zum Ausgleichen des Kiefergelenks. Das Kiefergelenk beeinflusst den K\u00f6rper insgesamt, einschliesslich des&hellip;<\/p>\n","protected":false},"author":1,"featured_media":514,"parent":0,"menu_order":0,"comment_status":"closed","ping_status":"closed","template":"","meta":{"footnotes":""},"class_list":["post-70","page","type-page","status-publish","has-post-thumbnail","hentry"],"_links":{"self":[{"href":"https:\/\/yvonnemosermettler.ch\/index.php\/wp-json\/wp\/v2\/pages\/70","targetHints":{"allow":["GET"]}}],"collection":[{"href":"https:\/\/yvonnemosermettler.ch\/index.php\/wp-json\/wp\/v2\/pages"}],"about":[{"href":"https:\/\/yvonnemosermettler.ch\/index.php\/wp-json\/wp\/v2\/types\/page"}],"author":[{"embeddable":true,"href":"https:\/\/yvonnemosermettler.ch\/index.php\/wp-json\/wp\/v2\/users\/1"}],"replies":[{"embeddable":true,"href":"https:\/\/yvonnemosermettler.ch\/index.php\/wp-json\/wp\/v2\/comments?post=70"}],"version-history":[{"count":0,"href":"https:\/\/yvonnemosermettler.ch\/index.php\/wp-json\/wp\/v2\/pages\/70\/revisions"}],"wp:featuredmedia":[{"embeddable":true,"href":"https:\/\/yvonnemosermettler.ch\/index.php\/wp-json\/wp\/v2\/media\/514"}],"wp:attachment":[{"href":"https:\/\/yvonnemosermettler.ch\/index.php\/wp-json\/wp\/v2\/media?parent=70"}],"curies":[{"name":"wp","href":"https:\/\/api.w.org\/{rel}","templated":true}]}}